{"id":3919,"date":"2024-09-19T09:47:17","date_gmt":"2024-09-19T01:47:17","guid":{"rendered":"https:\/\/www.medical-sponge.com\/einweg-positionierungskeile-aus-schaumstoff\/"},"modified":"2024-09-19T09:47:17","modified_gmt":"2024-09-19T01:47:17","slug":"einweg-positionierungskeile-aus-schaumstoff","status":"publish","type":"product","link":"https:\/\/www.medical-sponge.com\/de\/einweg-positionierungskeile-aus-schaumstoff.html","title":{"rendered":"Einweg-Positionierungskeile aus Schaumstoff"},"content":{"rendered":"<table>\n<tbody>\n<tr>\n<td>Modell<\/td>\n<td>Standardgr\u00f6\u00dfe<\/td>\n<\/tr>\n<tr>\n<td>REF-MFL3301A<\/td>\n<td>36 cm x 20 cm x 25 cm<\/td>\n<\/tr>\n<tr>\n<td>REF-MFL3301B<\/td>\n<td>71 cm x 20 cm x 25 cm<\/td>\n<\/tr>\n<tr>\n<td>REF-MFL3301C<\/td>\n<td>61 cm x 25 cm x 17 cm<\/td>\n<\/tr>\n<tr>\n<td>REF-MFL3301D<\/td>\n<td>61 cm x 18 cm x 18 cm<\/td>\n<\/tr>\n<\/tbody>\n<\/table>\n<p>Unsere Einweg-Positionierungskissen aus Schaumstoff sind in verschiedenen Formen und Gr\u00f6\u00dfen erh\u00e4ltlich, z. B. dreieckig, rechteckig oder kissenf\u00f6rmig, um verschiedenen Lagerungsanforderungen gerecht zu werden. Sie helfen dabei, den Druck gleichm\u00e4\u00dfig zu verteilen, was f\u00fcr Patienten, die \u00fcber l\u00e4ngere Zeit bewegungsunf\u00e4hig oder bettl\u00e4gerig sind, von entscheidender Bedeutung sein kann. <\/p>\n<div id=\"gtx-trans\" style=\"position: absolute; left: 818px; top: 58.1875px;\">\n<div class=\"gtx-trans-icon\"><\/div>\n<\/div>\n","protected":false},"excerpt":{"rendered":"<ul>\n<li><strong>Modell:<\/strong>REF-MFL 3301A-D<\/li>\n<li><strong>Gr\u00f6\u00dfe:<\/strong> 36 cm x 20 cm x 25 cm\/71 cm x 20 cm x 25 cm, individuell<\/li>\n<li><strong>Formen: <\/strong> Dreieckig, rechteckig, polsterf\u00f6rmig oder individuell.<\/li>\n<li><strong>Farbe:<\/strong> Gelb, Gr\u00fcn, Blau, Kundenspezifischer Panton<\/li>\n<li><strong>Material:<\/strong> Kundenspezifisch<\/li>\n<\/ul>\n","protected":false},"featured_media":1318,"comment_status":"open","ping_status":"closed","template":"","meta":{"site-sidebar-layout":"default","site-content-layout":"","ast-site-content-layout":"default","site-content-style":"default","site-sidebar-style":"default","ast-global-header-display":"","ast-banner-title-visibility":"","ast-main-header-display":"","ast-hfb-above-header-display":"","ast-hfb-below-header-display":"","ast-hfb-mobile-header-display":"","site-post-title":"","ast-breadcrumbs-content":"","ast-featured-img":"","footer-sml-layout":"","theme-transparent-header-meta":"default","adv-header-id-meta":"","stick-header-meta":"","header-above-stick-meta":"","header-main-stick-meta":"","header-below-stick-meta":"","astra-migrate-meta-layouts":"default","ast-page-background-enabled":"default","ast-page-background-meta":{"desktop":{"background-color":"var(--ast-global-color-4)","background-image":"","background-repeat":"repeat","background-position":"center center","background-size":"auto","background-attachment":"scroll","background-type":"","background-media":"","overlay-type":"","overlay-color":"","overlay-opacity":"","overlay-gradient":""},"tablet":{"background-color":"","background-image":"","background-repeat":"repeat","background-position":"center center","background-size":"auto","background-attachment":"scroll","background-type":"","background-media":"","overlay-type":"","overlay-color":"","overlay-opacity":"","overlay-gradient":""},"mobile":{"background-color":"","background-image":"","background-repeat":"repeat","background-position":"center center","background-size":"auto","background-attachment":"scroll","background-type":"","background-media":"","overlay-type":"","overlay-color":"","overlay-opacity":"","overlay-gradient":""}},"ast-content-background-meta":{"desktop":{"background-color":"var(--ast-global-color-5)","background-image":"","background-repeat":"repeat","background-position":"center center","background-size":"auto","background-attachment":"scroll","background-type":"","background-media":"","overlay-type":"","overlay-color":"","overlay-opacity":"","overlay-gradient":""},"tablet":{"background-color":"var(--ast-global-color-5)","background-image":"","background-repeat":"repeat","background-position":"center center","background-size":"auto","background-attachment":"scroll","background-type":"","background-media":"","overlay-type":"","overlay-color":"","overlay-opacity":"","overlay-gradient":""},"mobile":{"background-color":"var(--ast-global-color-5)","background-image":"","background-repeat":"repeat","background-position":"center center","background-size":"auto","background-attachment":"scroll","background-type":"","background-media":"","overlay-type":"","overlay-color":"","overlay-opacity":"","overlay-gradient":""}}},"product_brand":[],"product_cat":[71],"product_tag":[],"class_list":{"0":"post-3919","1":"product","2":"type-product","3":"status-publish","4":"has-post-thumbnail","6":"product_cat-lagerungskissen","7":"desktop-align-left","8":"tablet-align-left","9":"mobile-align-left","11":"first","12":"instock","13":"shipping-taxable","14":"product-type-simple"},"_links":{"self":[{"href":"https:\/\/www.medical-sponge.com\/de\/wp-json\/wp\/v2\/product\/3919","targetHints":{"allow":["GET"]}}],"collection":[{"href":"https:\/\/www.medical-sponge.com\/de\/wp-json\/wp\/v2\/product"}],"about":[{"href":"https:\/\/www.medical-sponge.com\/de\/wp-json\/wp\/v2\/types\/product"}],"replies":[{"embeddable":true,"href":"https:\/\/www.medical-sponge.com\/de\/wp-json\/wp\/v2\/comments?post=3919"}],"version-history":[{"count":0,"href":"https:\/\/www.medical-sponge.com\/de\/wp-json\/wp\/v2\/product\/3919\/revisions"}],"wp:featuredmedia":[{"embeddable":true,"href":"https:\/\/www.medical-sponge.com\/de\/wp-json\/wp\/v2\/media\/1318"}],"wp:attachment":[{"href":"https:\/\/www.medical-sponge.com\/de\/wp-json\/wp\/v2\/media?parent=3919"}],"wp:term":[{"taxonomy":"product_brand","embeddable":true,"href":"https:\/\/www.medical-sponge.com\/de\/wp-json\/wp\/v2\/product_brand?post=3919"},{"taxonomy":"product_cat","embeddable":true,"href":"https:\/\/www.medical-sponge.com\/de\/wp-json\/wp\/v2\/product_cat?post=3919"},{"taxonomy":"product_tag","embeddable":true,"href":"https:\/\/www.medical-sponge.com\/de\/wp-json\/wp\/v2\/product_tag?post=3919"}],"curies":[{"name":"wp","href":"https:\/\/api.w.org\/{rel}","templated":true}]}}