{"id":3916,"date":"2024-09-19T10:36:30","date_gmt":"2024-09-19T02:36:30","guid":{"rendered":"https:\/\/www.medical-sponge.com\/einweg-noppenbinden\/"},"modified":"2024-09-19T10:36:30","modified_gmt":"2024-09-19T02:36:30","slug":"einweg-noppenbinden","status":"publish","type":"product","link":"https:\/\/www.medical-sponge.com\/de\/einweg-noppenbinden.html","title":{"rendered":"Einweg-Noppenbinden"},"content":{"rendered":"<table>\n<tbody>\n<tr>\n<td>Modell<\/td>\n<td>Standardgr\u00f6\u00dfe<\/td>\n<\/tr>\n<tr>\n<td>DCP-MFL2201A<\/td>\n<td>2 cm x 8 cm x 20 cm<\/td>\n<\/tr>\n<tr>\n<td>DCP-MFL2201B<\/td>\n<td>2 cm x 8 cm x 26 cm<\/td>\n<\/tr>\n<tr>\n<td>DCP-MFL2201C<\/td>\n<td>2 cm x 9 cm x 16 cm<\/td>\n<\/tr>\n<tr>\n<td>DCP-MFL2201D<\/td>\n<td>2 cm x 6 cm x 16 cm<\/td>\n<\/tr>\n<\/tbody>\n<\/table>\n<h2>Funktion<\/h2>\n<ul>\n<li><strong>Belastungsverteilung: <\/strong> Durch die gleichm\u00e4\u00dfige Gewichtsverteilung verringert die gewundene (Eierkarton-)Form die Belastung wichtiger Regionen wie Fersen, H\u00fcften und R\u00fccken.<\/li>\n<li><strong>Verhindert Wundliegen: <\/strong> Durch die Minimierung des Drucks auf empfindliche Bereiche tragen die Pads dazu bei, das Risiko der Entstehung von Wundliegen oder Druckgeschw\u00fcren zu verringern. Verbessert <\/li>\n<li><strong>Luftzirkulation:<\/strong> Das Design erm\u00f6glicht eine bessere Luftzirkulation, die zur Verringerung der Hitze- und Feuchtigkeitsbildung beitr\u00e4gt und die Haut des Patienten trocken und angenehm h\u00e4lt.<\/li>\n<li><strong>Verbessert den Komfort: <\/strong> Bietet einen Polstereffekt, der den Komfort des Patienten erh\u00f6ht, insbesondere f\u00fcr diejenigen, die bettl\u00e4gerig sind oder lange sitzen.<\/li>\n<li><strong>Aufrechterhaltung der Hygiene:<\/strong> Da es sich bei den Pads um Einwegpads handelt, die nur einmal verwendet werden, ist das Infektionsrisiko geringer und die Patientenversorgung kann hygienischer erfolgen.<\/li>\n<\/ul>\n<p><img fetchpriority=\"high\" decoding=\"async\" class=\"size-full wp-image-1325 aligncenter\" src=\"https:\/\/www.medical-sponge.com\/wp-content\/uploads\/2024\/09\/Disposable-Convoluted-Pads.jpeg\" alt=\"Einweg-Noppenbinden\" width=\"750\" height=\"750\" srcset=\"https:\/\/www.medical-sponge.com\/wp-content\/uploads\/2024\/09\/Disposable-Convoluted-Pads.jpeg 750w, https:\/\/www.medical-sponge.com\/wp-content\/uploads\/2024\/09\/Disposable-Convoluted-Pads-300x300.jpeg 300w, https:\/\/www.medical-sponge.com\/wp-content\/uploads\/2024\/09\/Disposable-Convoluted-Pads-150x150.jpeg 150w, https:\/\/www.medical-sponge.com\/wp-content\/uploads\/2024\/09\/Disposable-Convoluted-Pads-600x600.jpeg 600w, https:\/\/www.medical-sponge.com\/wp-content\/uploads\/2024\/09\/Disposable-Convoluted-Pads-100x100.jpeg 100w\" sizes=\"(max-width: 750px) 100vw, 750px\" \/><\/p>\n<div id=\"gtx-trans\" style=\"position: absolute; left: 781px; top: 10.1875px;\">\n<div class=\"gtx-trans-icon\"><\/div>\n<\/div>\n","protected":false},"excerpt":{"rendered":"<ul>\n<li><strong>Modell: <\/strong> DCP-MFL2201A-D<\/li>\n<li><strong>Gr\u00f6\u00dfe:<\/strong> 51 cm x 31 cm x 5 cm, individuell<\/li>\n<li><strong>Farbe:<\/strong> Gelb, Gr\u00fcn, Blau, Kundenspezifischer Panton<\/li>\n<li><strong>Material:<\/strong> Kundenspezifisch<\/li>\n<li><strong>Anwendungsszenarien: <\/strong> Gesundheitseinrichtungen wie Krankenh\u00e4user, Pflegeheime<\/li>\n<\/ul>\n","protected":false},"featured_media":1322,"comment_status":"open","ping_status":"closed","template":"","meta":{"site-sidebar-layout":"default","site-content-layout":"","ast-site-content-layout":"default","site-content-style":"default","site-sidebar-style":"default","ast-global-header-display":"","ast-banner-title-visibility":"","ast-main-header-display":"","ast-hfb-above-header-display":"","ast-hfb-below-header-display":"","ast-hfb-mobile-header-display":"","site-post-title":"","ast-breadcrumbs-content":"","ast-featured-img":"","footer-sml-layout":"","theme-transparent-header-meta":"default","adv-header-id-meta":"","stick-header-meta":"","header-above-stick-meta":"","header-main-stick-meta":"","header-below-stick-meta":"","astra-migrate-meta-layouts":"default","ast-page-background-enabled":"default","ast-page-background-meta":{"desktop":{"background-color":"var(--ast-global-color-4)","background-image":"","background-repeat":"repeat","background-position":"center center","background-size":"auto","background-attachment":"scroll","background-type":"","background-media":"","overlay-type":"","overlay-color":"","overlay-opacity":"","overlay-gradient":""},"tablet":{"background-color":"","background-image":"","background-repeat":"repeat","background-position":"center center","background-size":"auto","background-attachment":"scroll","background-type":"","background-media":"","overlay-type":"","overlay-color":"","overlay-opacity":"","overlay-gradient":""},"mobile":{"background-color":"","background-image":"","background-repeat":"repeat","background-position":"center center","background-size":"auto","background-attachment":"scroll","background-type":"","background-media":"","overlay-type":"","overlay-color":"","overlay-opacity":"","overlay-gradient":""}},"ast-content-background-meta":{"desktop":{"background-color":"var(--ast-global-color-5)","background-image":"","background-repeat":"repeat","background-position":"center center","background-size":"auto","background-attachment":"scroll","background-type":"","background-media":"","overlay-type":"","overlay-color":"","overlay-opacity":"","overlay-gradient":""},"tablet":{"background-color":"var(--ast-global-color-5)","background-image":"","background-repeat":"repeat","background-position":"center center","background-size":"auto","background-attachment":"scroll","background-type":"","background-media":"","overlay-type":"","overlay-color":"","overlay-opacity":"","overlay-gradient":""},"mobile":{"background-color":"var(--ast-global-color-5)","background-image":"","background-repeat":"repeat","background-position":"center center","background-size":"auto","background-attachment":"scroll","background-type":"","background-media":"","overlay-type":"","overlay-color":"","overlay-opacity":"","overlay-gradient":""}}},"product_brand":[],"product_cat":[71],"product_tag":[],"class_list":{"0":"post-3916","1":"product","2":"type-product","3":"status-publish","4":"has-post-thumbnail","6":"product_cat-lagerungskissen","7":"desktop-align-left","8":"tablet-align-left","9":"mobile-align-left","11":"first","12":"instock","13":"shipping-taxable","14":"product-type-simple"},"_links":{"self":[{"href":"https:\/\/www.medical-sponge.com\/de\/wp-json\/wp\/v2\/product\/3916","targetHints":{"allow":["GET"]}}],"collection":[{"href":"https:\/\/www.medical-sponge.com\/de\/wp-json\/wp\/v2\/product"}],"about":[{"href":"https:\/\/www.medical-sponge.com\/de\/wp-json\/wp\/v2\/types\/product"}],"replies":[{"embeddable":true,"href":"https:\/\/www.medical-sponge.com\/de\/wp-json\/wp\/v2\/comments?post=3916"}],"version-history":[{"count":0,"href":"https:\/\/www.medical-sponge.com\/de\/wp-json\/wp\/v2\/product\/3916\/revisions"}],"wp:featuredmedia":[{"embeddable":true,"href":"https:\/\/www.medical-sponge.com\/de\/wp-json\/wp\/v2\/media\/1322"}],"wp:attachment":[{"href":"https:\/\/www.medical-sponge.com\/de\/wp-json\/wp\/v2\/media?parent=3916"}],"wp:term":[{"taxonomy":"product_brand","embeddable":true,"href":"https:\/\/www.medical-sponge.com\/de\/wp-json\/wp\/v2\/product_brand?post=3916"},{"taxonomy":"product_cat","embeddable":true,"href":"https:\/\/www.medical-sponge.com\/de\/wp-json\/wp\/v2\/product_cat?post=3916"},{"taxonomy":"product_tag","embeddable":true,"href":"https:\/\/www.medical-sponge.com\/de\/wp-json\/wp\/v2\/product_tag?post=3916"}],"curies":[{"name":"wp","href":"https:\/\/api.w.org\/{rel}","templated":true}]}}