{"id":3911,"date":"2024-09-19T13:50:28","date_gmt":"2024-09-19T05:50:28","guid":{"rendered":"https:\/\/www.medical-sponge.com\/patientenpositionierung-armhochlagerung\/"},"modified":"2024-09-19T13:50:28","modified_gmt":"2024-09-19T05:50:28","slug":"patientenpositionierung-armhochlagerung","status":"publish","type":"product","link":"https:\/\/www.medical-sponge.com\/de\/patientenpositionierung-armhochlagerung.html","title":{"rendered":"Patientenpositionierung &#8211; Armhochlagerung"},"content":{"rendered":"<table>\n<tbody>\n<tr>\n<td>Modell<\/td>\n<td>Standardgr\u00f6\u00dfe<\/td>\n<td>Winkel<\/td>\n<\/tr>\n<tr>\n<td>PAE1003<\/td>\n<td>20 cm x 36 cm x 15 cm<\/td>\n<td>10\u00b0<\/td>\n<\/tr>\n<tr>\n<td>PAE1001<\/td>\n<td>32 cm x 42,5 cm x 29,5 cm<\/td>\n<td>15\u00b0<\/td>\n<\/tr>\n<tr>\n<td>PAE1002<\/td>\n<td>40 cm x 50 cm x 30 cm<\/td>\n<td>25\u00b0<\/td>\n<\/tr>\n<\/tbody>\n<\/table>\n<h2>Funktion<\/h2>\n<ul>\n<li><strong>F\u00f6rdert die Heilung: <\/strong> Legt den Arm hoch, um die Schwellung zu reduzieren und die Durchblutung zu f\u00f6rdern, was zu einer schnelleren Genesung beitr\u00e4gt.<\/li>\n<li><strong>Sorgt f\u00fcr Stabilit\u00e4t:<\/strong> H\u00e4lt den Arm in einer stabilen und bequemen Position, um unn\u00f6tige Bewegungen zu verhindern, die den Heilungsprozess st\u00f6ren k\u00f6nnten.<\/li>\n<li><strong>Lindert Schmerzen:<\/strong> Das St\u00fctzen des Arms in einer erh\u00f6hten Position hilft, Schmerzen und Beschwerden zu lindern.<\/li>\n<li><strong>Verhindert Komplikationen: <\/strong> Minimiert das Risiko von Blutgerinnseln und Steifheit durch die Aufrechterhaltung der richtigen Armpositionierung.<\/li>\n<li><strong>Erleichtert die richtige Ausrichtung: <\/strong> Stellt sicher, dass der Arm richtig positioniert ist, um eine optimale Genesung zu f\u00f6rdern und weitere Verletzungen zu verhindern.<\/li>\n<\/ul>\n<div id=\"gtx-trans\" style=\"position: absolute; left: 126px; top: 10.1875px;\">\n<div class=\"gtx-trans-icon\"><\/div>\n<\/div>\n","protected":false},"excerpt":{"rendered":"<ul>\n<li><strong>Modell:<\/strong> MFL3168<\/li>\n<li><strong>Gr\u00f6\u00dfe:<\/strong> 32 cm x 42,5 cm x 29,5 cm, individuell<\/li>\n<li><strong>Farbe: <\/strong> Gelb, Gr\u00fcn, Blau, Kundenspezifischer Panton<\/li>\n<li><strong>Material:<\/strong> kundenspezifisch<\/li>\n<\/ul>\n","protected":false},"featured_media":1335,"comment_status":"open","ping_status":"closed","template":"","meta":{"site-sidebar-layout":"default","site-content-layout":"","ast-site-content-layout":"default","site-content-style":"default","site-sidebar-style":"default","ast-global-header-display":"","ast-banner-title-visibility":"","ast-main-header-display":"","ast-hfb-above-header-display":"","ast-hfb-below-header-display":"","ast-hfb-mobile-header-display":"","site-post-title":"","ast-breadcrumbs-content":"","ast-featured-img":"","footer-sml-layout":"","theme-transparent-header-meta":"default","adv-header-id-meta":"","stick-header-meta":"","header-above-stick-meta":"","header-main-stick-meta":"","header-below-stick-meta":"","astra-migrate-meta-layouts":"default","ast-page-background-enabled":"default","ast-page-background-meta":{"desktop":{"background-color":"var(--ast-global-color-4)","background-image":"","background-repeat":"repeat","background-position":"center center","background-size":"auto","background-attachment":"scroll","background-type":"","background-media":"","overlay-type":"","overlay-color":"","overlay-opacity":"","overlay-gradient":""},"tablet":{"background-color":"","background-image":"","background-repeat":"repeat","background-position":"center center","background-size":"auto","background-attachment":"scroll","background-type":"","background-media":"","overlay-type":"","overlay-color":"","overlay-opacity":"","overlay-gradient":""},"mobile":{"background-color":"","background-image":"","background-repeat":"repeat","background-position":"center center","background-size":"auto","background-attachment":"scroll","background-type":"","background-media":"","overlay-type":"","overlay-color":"","overlay-opacity":"","overlay-gradient":""}},"ast-content-background-meta":{"desktop":{"background-color":"var(--ast-global-color-5)","background-image":"","background-repeat":"repeat","background-position":"center center","background-size":"auto","background-attachment":"scroll","background-type":"","background-media":"","overlay-type":"","overlay-color":"","overlay-opacity":"","overlay-gradient":""},"tablet":{"background-color":"var(--ast-global-color-5)","background-image":"","background-repeat":"repeat","background-position":"center center","background-size":"auto","background-attachment":"scroll","background-type":"","background-media":"","overlay-type":"","overlay-color":"","overlay-opacity":"","overlay-gradient":""},"mobile":{"background-color":"var(--ast-global-color-5)","background-image":"","background-repeat":"repeat","background-position":"center center","background-size":"auto","background-attachment":"scroll","background-type":"","background-media":"","overlay-type":"","overlay-color":"","overlay-opacity":"","overlay-gradient":""}}},"product_brand":[],"product_cat":[71],"product_tag":[],"class_list":{"0":"post-3911","1":"product","2":"type-product","3":"status-publish","4":"has-post-thumbnail","6":"product_cat-lagerungskissen","7":"desktop-align-left","8":"tablet-align-left","9":"mobile-align-left","11":"first","12":"instock","13":"shipping-taxable","14":"product-type-simple"},"_links":{"self":[{"href":"https:\/\/www.medical-sponge.com\/de\/wp-json\/wp\/v2\/product\/3911","targetHints":{"allow":["GET"]}}],"collection":[{"href":"https:\/\/www.medical-sponge.com\/de\/wp-json\/wp\/v2\/product"}],"about":[{"href":"https:\/\/www.medical-sponge.com\/de\/wp-json\/wp\/v2\/types\/product"}],"replies":[{"embeddable":true,"href":"https:\/\/www.medical-sponge.com\/de\/wp-json\/wp\/v2\/comments?post=3911"}],"version-history":[{"count":0,"href":"https:\/\/www.medical-sponge.com\/de\/wp-json\/wp\/v2\/product\/3911\/revisions"}],"wp:featuredmedia":[{"embeddable":true,"href":"https:\/\/www.medical-sponge.com\/de\/wp-json\/wp\/v2\/media\/1335"}],"wp:attachment":[{"href":"https:\/\/www.medical-sponge.com\/de\/wp-json\/wp\/v2\/media?parent=3911"}],"wp:term":[{"taxonomy":"product_brand","embeddable":true,"href":"https:\/\/www.medical-sponge.com\/de\/wp-json\/wp\/v2\/product_brand?post=3911"},{"taxonomy":"product_cat","embeddable":true,"href":"https:\/\/www.medical-sponge.com\/de\/wp-json\/wp\/v2\/product_cat?post=3911"},{"taxonomy":"product_tag","embeddable":true,"href":"https:\/\/www.medical-sponge.com\/de\/wp-json\/wp\/v2\/product_tag?post=3911"}],"curies":[{"name":"wp","href":"https:\/\/api.w.org\/{rel}","templated":true}]}}