{"id":3897,"date":"2024-09-19T17:53:43","date_gmt":"2024-09-19T09:53:43","guid":{"rendered":"https:\/\/www.medical-sponge.com\/einweg-kopfstuetzen-mit-schlitzen-verlaengert\/"},"modified":"2024-09-19T17:53:43","modified_gmt":"2024-09-19T09:53:43","slug":"einweg-kopfstuetzen-mit-schlitzen-verlaengert","status":"publish","type":"product","link":"https:\/\/www.medical-sponge.com\/de\/einweg-kopfstuetzen-mit-schlitzen-verlaengert.html","title":{"rendered":"Einweg-Kopfst\u00fctzen mit Schlitzen, verl\u00e4ngert"},"content":{"rendered":"<table>\n<tbody>\n<tr>\n<td>Modell<\/td>\n<td>Basisgr\u00f6\u00dfe<\/td>\n<td>Erh\u00f6hte Gr\u00f6\u00dfe<\/td>\n<\/tr>\n<tr>\n<td>MIT TRACHTENLOCH, 2 SCHICHTEN, 4,5 ZOLL<\/td>\n<td>REF-MFL3105A 26,5 cm x 24 cm x 11 cm<\/td>\n<td>5 cm<\/td>\n<\/tr>\n<tr>\n<td>MIT TRACHTENLOCH, 3-SCHICHTIG, 7 ZOLL<\/td>\n<td>REF-MFL3105B 26,5 cm x 24 cm x 17,5 cm<\/td>\n<td>12 cm<\/td>\n<\/tr>\n<tr>\n<td>Ma\u00dfgeschneidert<\/td>\n<td>Ma\u00dfgeschneidert<\/td>\n<td>Ma\u00dfgeschneidert<\/td>\n<\/tr>\n<\/tbody>\n<\/table>\n<h2>Merkmale<\/h2>\n<ul>\n<li>Bietet w\u00e4hrend der Behandlungen stabile Unterst\u00fctzung f\u00fcr Kopf und Nacken des Patienten.<\/li>\n<li>Nur f\u00fcr den einmaligen Gebrauch vorgesehen, um Hygienepraktiken einzuhalten und Kreuzkontaminationen zu vermeiden.<\/li>\n<li>Verf\u00fcgt \u00fcber ein Schlitzdesign f\u00fcr einfachen Zugriff und Positionierung.<\/li>\n<li>Die gr\u00f6\u00dfere L\u00e4nge bietet zus\u00e4tzlichen Halt und Komfort. Einwegmaterial reduziert den Reinigungs- und Sterilisationsaufwand. <\/li>\n<li>Hilft, die Patientenposition w\u00e4hrend langer Eingriffe beizubehalten.<\/li>\n<\/ul>\n<p><img fetchpriority=\"high\" decoding=\"async\" class=\"aligncenter wp-image-1434\" src=\"https:\/\/www.medical-sponge.com\/wp-content\/uploads\/2024\/09\/Disposable-Slotted-Headrests-Extended-1.jpg\" alt=\"Einweg-Kopfst\u00fctzen mit Schlitzen, verl\u00e4ngert-1\" width=\"600\" height=\"600\" srcset=\"https:\/\/www.medical-sponge.com\/wp-content\/uploads\/2024\/09\/Disposable-Slotted-Headrests-Extended-1.jpg 900w, https:\/\/www.medical-sponge.com\/wp-content\/uploads\/2024\/09\/Disposable-Slotted-Headrests-Extended-1-300x300.jpg 300w, https:\/\/www.medical-sponge.com\/wp-content\/uploads\/2024\/09\/Disposable-Slotted-Headrests-Extended-1-150x150.jpg 150w, https:\/\/www.medical-sponge.com\/wp-content\/uploads\/2024\/09\/Disposable-Slotted-Headrests-Extended-1-768x768.jpg 768w, https:\/\/www.medical-sponge.com\/wp-content\/uploads\/2024\/09\/Disposable-Slotted-Headrests-Extended-1-600x600.jpg 600w, https:\/\/www.medical-sponge.com\/wp-content\/uploads\/2024\/09\/Disposable-Slotted-Headrests-Extended-1-100x100.jpg 100w\" sizes=\"(max-width: 600px) 100vw, 600px\" \/><\/p>\n","protected":false},"excerpt":{"rendered":"<ul>\n<li><strong>Modell:<\/strong> REF-MFL 3104<\/li>\n<li><strong>Gr\u00f6\u00dfe: <\/strong> 26,5 cm x 24 cm x 11 cm\/26,5 cm x 24 cm x 17,5 cm, individuell<\/li>\n<li><strong>Farbe:<\/strong> Gelb, Gr\u00fcn, Kundenspezifischer Panton<\/li>\n<li><strong>Material:<\/strong> kundenspezifisch<\/li>\n<li>Mehrstufiges Design<\/li>\n<\/ul>\n","protected":false},"featured_media":1433,"comment_status":"open","ping_status":"closed","template":"","meta":{"site-sidebar-layout":"default","site-content-layout":"","ast-site-content-layout":"default","site-content-style":"default","site-sidebar-style":"default","ast-global-header-display":"","ast-banner-title-visibility":"","ast-main-header-display":"","ast-hfb-above-header-display":"","ast-hfb-below-header-display":"","ast-hfb-mobile-header-display":"","site-post-title":"","ast-breadcrumbs-content":"","ast-featured-img":"","footer-sml-layout":"","theme-transparent-header-meta":"default","adv-header-id-meta":"","stick-header-meta":"","header-above-stick-meta":"","header-main-stick-meta":"","header-below-stick-meta":"","astra-migrate-meta-layouts":"default","ast-page-background-enabled":"default","ast-page-background-meta":{"desktop":{"background-color":"var(--ast-global-color-4)","background-image":"","background-repeat":"repeat","background-position":"center center","background-size":"auto","background-attachment":"scroll","background-type":"","background-media":"","overlay-type":"","overlay-color":"","overlay-opacity":"","overlay-gradient":""},"tablet":{"background-color":"","background-image":"","background-repeat":"repeat","background-position":"center center","background-size":"auto","background-attachment":"scroll","background-type":"","background-media":"","overlay-type":"","overlay-color":"","overlay-opacity":"","overlay-gradient":""},"mobile":{"background-color":"","background-image":"","background-repeat":"repeat","background-position":"center center","background-size":"auto","background-attachment":"scroll","background-type":"","background-media":"","overlay-type":"","overlay-color":"","overlay-opacity":"","overlay-gradient":""}},"ast-content-background-meta":{"desktop":{"background-color":"var(--ast-global-color-5)","background-image":"","background-repeat":"repeat","background-position":"center center","background-size":"auto","background-attachment":"scroll","background-type":"","background-media":"","overlay-type":"","overlay-color":"","overlay-opacity":"","overlay-gradient":""},"tablet":{"background-color":"var(--ast-global-color-5)","background-image":"","background-repeat":"repeat","background-position":"center center","background-size":"auto","background-attachment":"scroll","background-type":"","background-media":"","overlay-type":"","overlay-color":"","overlay-opacity":"","overlay-gradient":""},"mobile":{"background-color":"var(--ast-global-color-5)","background-image":"","background-repeat":"repeat","background-position":"center center","background-size":"auto","background-attachment":"scroll","background-type":"","background-media":"","overlay-type":"","overlay-color":"","overlay-opacity":"","overlay-gradient":""}}},"product_brand":[],"product_cat":[71],"product_tag":[],"class_list":{"0":"post-3897","1":"product","2":"type-product","3":"status-publish","4":"has-post-thumbnail","6":"product_cat-lagerungskissen","7":"desktop-align-left","8":"tablet-align-left","9":"mobile-align-left","11":"first","12":"instock","13":"shipping-taxable","14":"product-type-simple"},"_links":{"self":[{"href":"https:\/\/www.medical-sponge.com\/de\/wp-json\/wp\/v2\/product\/3897","targetHints":{"allow":["GET"]}}],"collection":[{"href":"https:\/\/www.medical-sponge.com\/de\/wp-json\/wp\/v2\/product"}],"about":[{"href":"https:\/\/www.medical-sponge.com\/de\/wp-json\/wp\/v2\/types\/product"}],"replies":[{"embeddable":true,"href":"https:\/\/www.medical-sponge.com\/de\/wp-json\/wp\/v2\/comments?post=3897"}],"version-history":[{"count":0,"href":"https:\/\/www.medical-sponge.com\/de\/wp-json\/wp\/v2\/product\/3897\/revisions"}],"wp:featuredmedia":[{"embeddable":true,"href":"https:\/\/www.medical-sponge.com\/de\/wp-json\/wp\/v2\/media\/1433"}],"wp:attachment":[{"href":"https:\/\/www.medical-sponge.com\/de\/wp-json\/wp\/v2\/media?parent=3897"}],"wp:term":[{"taxonomy":"product_brand","embeddable":true,"href":"https:\/\/www.medical-sponge.com\/de\/wp-json\/wp\/v2\/product_brand?post=3897"},{"taxonomy":"product_cat","embeddable":true,"href":"https:\/\/www.medical-sponge.com\/de\/wp-json\/wp\/v2\/product_cat?post=3897"},{"taxonomy":"product_tag","embeddable":true,"href":"https:\/\/www.medical-sponge.com\/de\/wp-json\/wp\/v2\/product_tag?post=3897"}],"curies":[{"name":"wp","href":"https:\/\/api.w.org\/{rel}","templated":true}]}}